{"id":2955,"date":"2022-09-21T11:44:24","date_gmt":"2022-09-21T14:44:24","guid":{"rendered":"https:\/\/madison.com.ar\/?page_id=2955"},"modified":"2025-11-11T09:46:13","modified_gmt":"2025-11-11T12:46:13","slug":"cvmadison","status":"publish","type":"page","link":"https:\/\/madison.com.ar\/en\/cvmadison\/","title":{"rendered":"CV Madison"},"content":{"rendered":"\t\t<div data-elementor-type=\"wp-page\" data-elementor-id=\"2955\" class=\"elementor elementor-2955\" data-elementor-post-type=\"page\">\n\t\t\t\t<div class=\"elementor-element elementor-element-70b49f5 e-flex e-con-boxed e-con e-parent\" data-id=\"70b49f5\" data-element_type=\"container\" data-e-type=\"container\" data-settings=\"{&quot;background_background&quot;:&quot;classic&quot;}\">\n\t\t\t\t\t<div class=\"e-con-inner\">\n\t\t<div class=\"elementor-element elementor-element-3a4d972 e-con-full e-flex e-con e-child\" data-id=\"3a4d972\" data-element_type=\"container\" data-e-type=\"container\">\n\t\t\t\t<div class=\"elementor-element elementor-element-b442fdf elementor-widget-tablet__width-initial elementor-widget-mobile__width-initial elementor-widget elementor-widget-text-editor\" data-id=\"b442fdf\" data-element_type=\"widget\" data-e-type=\"widget\" data-widget_type=\"text-editor.default\">\n\t\t\t\t<div class=\"elementor-widget-container\">\n\t\t\t\t\t\t\t\t\t<p>\u00bfQuer\u00e9s unirte a nuestro equipo?<\/p>\t\t\t\t\t\t\t\t<\/div>\n\t\t\t\t<\/div>\n\t\t\t\t<div class=\"elementor-element elementor-element-db65d2a elementor-widget elementor-widget-text-editor\" data-id=\"db65d2a\" data-element_type=\"widget\" data-e-type=\"widget\" data-widget_type=\"text-editor.default\">\n\t\t\t\t<div class=\"elementor-widget-container\">\n\t\t\t\t\t\t\t\t\t<p>Si sos dise\u00f1ador no olvides adjuntar tu portfolio junto a tu CV o un link a tus trabajos.<\/p>\t\t\t\t\t\t\t\t<\/div>\n\t\t\t\t<\/div>\n\t\t\t\t<\/div>\n\t\t<div class=\"elementor-element elementor-element-b4c071b e-con-full e-flex e-con e-child\" data-id=\"b4c071b\" data-element_type=\"container\" data-e-type=\"container\">\n\t\t\t\t<\/div>\n\t\t\t\t\t<\/div>\n\t\t\t\t<\/div>\n\t\t<div class=\"elementor-element elementor-element-5770b47 e-flex e-con-boxed e-con e-parent\" data-id=\"5770b47\" data-element_type=\"container\" data-e-type=\"container\" data-settings=\"{&quot;background_background&quot;:&quot;classic&quot;}\">\n\t\t\t\t\t<div class=\"e-con-inner\">\n\t\t<div class=\"elementor-element elementor-element-363569a e-con-full e-flex e-con e-child\" data-id=\"363569a\" data-element_type=\"container\" data-e-type=\"container\">\n\t\t\t\t<div class=\"elementor-element elementor-element-638a200 elementor-button-align-stretch elementor-widget elementor-widget-form\" data-id=\"638a200\" data-element_type=\"widget\" data-e-type=\"widget\" data-settings=\"{&quot;button_width&quot;:&quot;30&quot;,&quot;step_next_label&quot;:&quot;Siguiente&quot;,&quot;step_previous_label&quot;:&quot;Atr\\u00e1s&quot;,&quot;dce_confirm_dialog_enabled&quot;:&quot;no&quot;,&quot;step_type&quot;:&quot;number_text&quot;,&quot;step_icon_shape&quot;:&quot;circle&quot;}\" data-widget_type=\"form.default\">\n\t\t\t\t<div class=\"elementor-widget-container\">\n\t\t\t\t\t\t\t<form class=\"elementor-form\" method=\"post\" name=\"Formulario\" aria-label=\"Formulario\">\n\t\t\t<input type=\"hidden\" name=\"post_id\" value=\"2955\"\/>\n\t\t\t<input type=\"hidden\" name=\"form_id\" value=\"638a200\"\/>\n\t\t\t<input type=\"hidden\" name=\"referer_title\" value=\"Madison &#8211; Marketing &amp; Publicidad\" \/>\n\n\t\t\t\n\t\t\t<div class=\"elementor-form-fields-wrapper elementor-labels-\">\n\t\t\t\t\t\t\t\t<div class=\"elementor-field-type-text elementor-field-group elementor-column elementor-field-group-name elementor-col-50 elementor-field-required\">\n\t\t\t\t\t\t\t\t\t\t\t\t\t<input size=\"1\" type=\"text\" name=\"form_fields[name]\" id=\"form-field-name\" class=\"elementor-field elementor-size-sm  elementor-field-textual\" placeholder=\"Nombre y Apellido\" required=\"required\">\n\t\t\t\t\t\t\t\t\t\t\t<\/div>\n\t\t\t\t\t\t\t\t<div class=\"elementor-field-type-select elementor-field-group elementor-column elementor-field-group-field_27cb16e elementor-col-50 elementor-field-required\">\n\t\t\t\t\t\t\t<div class=\"elementor-field elementor-select-wrapper remove-before \">\n\t\t\t<div class=\"select-caret-down-wrapper\">\n\t\t\t\t<svg aria-hidden=\"true\" class=\"e-font-icon-svg e-eicon-caret-down\" viewBox=\"0 0 571.4 571.4\" xmlns=\"http:\/\/www.w3.org\/2000\/svg\"><path d=\"M571 393Q571 407 561 418L311 668Q300 679 286 679T261 668L11 418Q0 407 0 393T11 368 36 357H536Q550 357 561 368T571 393Z\"><\/path><\/svg>\t\t\t<\/div>\n\t\t\t<select name=\"form_fields[field_27cb16e]\" id=\"form-field-field_27cb16e\" class=\"elementor-field-textual elementor-size-sm\" required=\"required\">\n\t\t\t\t\t\t\t\t\t<option value=\"\">Puesto al que aplicas<\/option>\n\t\t\t\t\t\t\t\t\t<option value=\"Dise\u00f1ador gr\u00e1fico\">Dise\u00f1ador gr\u00e1fico<\/option>\n\t\t\t\t\t\t\t\t\t<option value=\"Vide\u00f3grafo\">Vide\u00f3grafo<\/option>\n\t\t\t\t\t\t\t\t\t<option value=\"Community manager\">Community manager<\/option>\n\t\t\t\t\t\t\t\t\t<option value=\"Dise\u00f1ador WordPress\">Dise\u00f1ador WordPress<\/option>\n\t\t\t\t\t\t\t<\/select>\n\t\t<\/div>\n\t\t\t\t\t\t<\/div>\n\t\t\t\t\t\t\t\t<div class=\"elementor-field-type-email elementor-field-group elementor-column elementor-field-group-email elementor-col-50 elementor-field-required\">\n\t\t\t\t\t\t\t\t\t\t\t\t\t<input size=\"1\" type=\"email\" name=\"form_fields[email]\" id=\"form-field-email\" class=\"elementor-field elementor-size-sm  elementor-field-textual\" placeholder=\"Email\" required=\"required\">\n\t\t\t\t\t\t\t\t\t\t\t<\/div>\n\t\t\t\t\t\t\t\t<div class=\"elementor-field-type-tel elementor-field-group elementor-column elementor-field-group-field_915a0f8 elementor-col-50 elementor-field-required\">\n\t\t\t\t\t\t\t<input size=\"1\" type=\"tel\" name=\"form_fields[field_915a0f8]\" id=\"form-field-field_915a0f8\" class=\"elementor-field elementor-size-sm  elementor-field-textual\" placeholder=\"Whatsapp\" required=\"required\" pattern=\"[0-9()#&amp;+*-=.]+\" title=\"Only numbers and phone characters (#, -, *, etc) are accepted.\">\n\n\t\t\t\t\t\t<\/div>\n\t\t\t\t\t\t\t\t<div class=\"elementor-field-type-upload elementor-field-group elementor-column elementor-field-group-field_6339061 elementor-col-100 elementor-field-required\">\n\t\t\t\t\t\t\t\t\t\t\t\t<label for=\"form-field-field_6339061\" class=\"elementor-field-label elementor-screen-only\">\n\t\t\t\t\t\t\t\tCarg\u00e1 tu CV \/ Portfolio. 3MB MAX PERMITIDO. FORMATO PDF\t\t\t\t\t\t\t<\/label>\n\t\t\t\t\t\t\t\t<input type=\"file\" name=\"form_fields[field_6339061]\" id=\"form-field-field_6339061\" class=\"elementor-field elementor-size-sm  elementor-upload-field\" required=\"required\" data-maxsize=\"3\" data-maxsize-message=\"This file exceeds the maximum allowed size.\">\n\n\t\t\t\t\t\t<\/div>\n\t\t\t\t\t\t\t\t<div class=\"elementor-field-type-recaptcha_v3 elementor-field-group elementor-column elementor-field-group-field_5cf3078 elementor-col-100 recaptcha_v3-bottomright\">\n\t\t\t\t\t<div class=\"elementor-field\" id=\"form-field-field_5cf3078\"><div class=\"elementor-g-recaptcha\" data-sitekey=\"6LdMrcMeAAAAAMLg9AEkGSC01m_-qXqXICQJd5x4\" data-type=\"v3\" data-action=\"Form\" data-badge=\"bottomright\" data-size=\"invisible\"><\/div><\/div>\t\t\t\t<\/div>\n\t\t\t\t\t\t\t\t<div class=\"elementor-field-type-text\">\n\t\t\t\t\t<input size=\"1\" type=\"text\" name=\"form_fields[field_ba93b29]\" id=\"form-field-field_ba93b29\" class=\"elementor-field elementor-size-sm \" style=\"display:none !important;\">\t\t\t\t<\/div>\n\t\t\t\t\t\t\t\t<div class=\"elementor-field-type-text elementor-field-group elementor-column elementor-field-group-field_d5e74ab elementor-col-100\">\n\t\t\t\t\t\t\t\t\t\t\t\t<label for=\"form-field-field_d5e74ab\" class=\"elementor-field-label elementor-screen-only\">\n\t\t\t\t\t\t\t\tLink a porfolio online\t\t\t\t\t\t\t<\/label>\n\t\t\t\t\t\t\t\t\t\t\t\t\t\t<input size=\"1\" type=\"text\" name=\"form_fields[field_d5e74ab]\" id=\"form-field-field_d5e74ab\" class=\"elementor-field elementor-size-sm  elementor-field-textual\" placeholder=\"Link a porfolio online\">\n\t\t\t\t\t\t\t\t\t\t\t<\/div>\n\t\t\t\t\t\t\t\t<div class=\"elementor-field-group elementor-column elementor-field-type-submit elementor-col-30 e-form__buttons\">\n\t\t\t\t\t<button class=\"elementor-button elementor-size-sm\" type=\"submit\">\n\t\t\t\t\t\t<span class=\"elementor-button-content-wrapper\">\n\t\t\t\t\t\t\t\t\t\t\t\t\t\t\t<span class=\"elementor-button-icon\">\n\t\t\t\t\t\t\t\t\t<svg aria-hidden=\"true\" class=\"e-font-icon-svg e-fas-arrow-right\" viewBox=\"0 0 448 512\" xmlns=\"http:\/\/www.w3.org\/2000\/svg\"><path d=\"M190.5 66.9l22.2-22.2c9.4-9.4 24.6-9.4 33.9 0L441 239c9.4 9.4 9.4 24.6 0 33.9L246.6 467.3c-9.4 9.4-24.6 9.4-33.9 0l-22.2-22.2c-9.5-9.5-9.3-25 .4-34.3L311.4 296H24c-13.3 0-24-10.7-24-24v-32c0-13.3 10.7-24 24-24h287.4L190.9 101.2c-9.8-9.3-10-24.8-.4-34.3z\"><\/path><\/svg>\t\t\t\t\t\t\t\t\t\t\t\t\t\t\t\t\t<\/span>\n\t\t\t\t\t\t\t\t\t\t\t\t\t\t\t\t\t\t\t\t\t\t<span class=\"elementor-button-text\">Enviar<\/span>\n\t\t\t\t\t\t\t\t\t\t\t\t\t<\/span>\n\t\t\t\t\t<\/button>\n\t\t\t\t<\/div>\n\t\t\t<\/div>\n\t\t<\/form>\n\t\t\t\t\t\t<\/div>\n\t\t\t\t<\/div>\n\t\t\t\t<\/div>\n\t\t<div class=\"elementor-element elementor-element-0ff285b e-con-full e-flex e-con e-child\" data-id=\"0ff285b\" data-element_type=\"container\" data-e-type=\"container\">\n\t\t\t\t<\/div>\n\t\t\t\t\t<\/div>\n\t\t\t\t<\/div>\n\t\t\t\t<\/div>\n\t\t","protected":false},"excerpt":{"rendered":"<p>\u00bfQuer\u00e9s unirte a nuestro equipo? Si sos dise\u00f1ador no olvides adjuntar tu portfolio junto a tu CV o un link a tus trabajos.<\/p>","protected":false},"author":1,"featured_media":0,"parent":0,"menu_order":0,"comment_status":"closed","ping_status":"closed","template":"","meta":{"inline_featured_image":false,"footnotes":""},"class_list":["post-2955","page","type-page","status-publish","hentry"],"yoast_head":"<!-- This site is optimized with the Yoast SEO plugin v27.4 - https:\/\/yoast.com\/product\/yoast-seo-wordpress\/ -->\n<title>CV Madison - Madison - Marketing &amp; Publicidad<\/title>\n<meta name=\"robots\" content=\"index, follow, max-snippet:-1, max-image-preview:large, max-video-preview:-1\" \/>\n<link rel=\"canonical\" href=\"https:\/\/madison.com.ar\/en\/wp-json\/wp\/v2\/pages\/2955\" \/>\n<meta property=\"og:locale\" content=\"en_US\" \/>\n<meta property=\"og:type\" content=\"article\" \/>\n<meta property=\"og:title\" content=\"CV Madison - Madison - Marketing &amp; Publicidad\" \/>\n<meta property=\"og:description\" content=\"\u00bfQuer\u00e9s unirte a nuestro equipo? Si sos dise\u00f1ador no olvides adjuntar tu portfolio junto a tu CV o un link a tus trabajos.\" \/>\n<meta property=\"og:url\" content=\"https:\/\/madison.com.ar\/en\/cvmadison\/\" \/>\n<meta property=\"og:site_name\" content=\"Madison - Marketing &amp; Publicidad\" \/>\n<meta property=\"article:publisher\" content=\"https:\/\/www.facebook.com\/madisonmkt\/\" \/>\n<meta property=\"article:modified_time\" content=\"2025-11-11T12:46:13+00:00\" \/>\n<meta name=\"twitter:card\" content=\"summary_large_image\" \/>\n<meta name=\"twitter:label1\" content=\"Est. reading time\" \/>\n\t<meta name=\"twitter:data1\" content=\"1 minute\" \/>\n<script type=\"application\/ld+json\" class=\"yoast-schema-graph\">{\"@context\":\"https:\\\/\\\/schema.org\",\"@graph\":[{\"@type\":\"WebPage\",\"@id\":\"https:\\\/\\\/madison.com.ar\\\/cvmadison\\\/\",\"url\":\"https:\\\/\\\/madison.com.ar\\\/cvmadison\\\/\",\"name\":\"CV Madison - Madison - Marketing &amp; Publicidad\",\"isPartOf\":{\"@id\":\"https:\\\/\\\/madison.com.ar\\\/#website\"},\"datePublished\":\"2022-09-21T14:44:24+00:00\",\"dateModified\":\"2025-11-11T12:46:13+00:00\",\"breadcrumb\":{\"@id\":\"https:\\\/\\\/madison.com.ar\\\/cvmadison\\\/#breadcrumb\"},\"inLanguage\":\"en-US\",\"potentialAction\":[{\"@type\":\"ReadAction\",\"target\":[\"https:\\\/\\\/madison.com.ar\\\/cvmadison\\\/\"]}]},{\"@type\":\"BreadcrumbList\",\"@id\":\"https:\\\/\\\/madison.com.ar\\\/cvmadison\\\/#breadcrumb\",\"itemListElement\":[{\"@type\":\"ListItem\",\"position\":1,\"name\":\"Inicio\",\"item\":\"https:\\\/\\\/madison.com.ar\\\/\"},{\"@type\":\"ListItem\",\"position\":2,\"name\":\"CV Madison\"}]},{\"@type\":\"WebSite\",\"@id\":\"https:\\\/\\\/madison.com.ar\\\/#website\",\"url\":\"https:\\\/\\\/madison.com.ar\\\/\",\"name\":\"Madison - Marketing y Publicidad\",\"description\":\"Brindamos soluciones integrales para empresas en comunicaci\u00f3n, marketing, publicidad, administraci\u00f3n de redes sociales, dise\u00f1o gr\u00e1fico y desarrollo web.\",\"publisher\":{\"@id\":\"https:\\\/\\\/madison.com.ar\\\/#organization\"},\"potentialAction\":[{\"@type\":\"SearchAction\",\"target\":{\"@type\":\"EntryPoint\",\"urlTemplate\":\"https:\\\/\\\/madison.com.ar\\\/?s={search_term_string}\"},\"query-input\":{\"@type\":\"PropertyValueSpecification\",\"valueRequired\":true,\"valueName\":\"search_term_string\"}}],\"inLanguage\":\"en-US\"},{\"@type\":\"Organization\",\"@id\":\"https:\\\/\\\/madison.com.ar\\\/#organization\",\"name\":\"Madison\",\"url\":\"https:\\\/\\\/madison.com.ar\\\/\",\"logo\":{\"@type\":\"ImageObject\",\"inLanguage\":\"en-US\",\"@id\":\"https:\\\/\\\/madison.com.ar\\\/#\\\/schema\\\/logo\\\/image\\\/\",\"url\":\"https:\\\/\\\/madison.com.ar\\\/wp-content\\\/uploads\\\/2021\\\/08\\\/screenshot.png\",\"contentUrl\":\"https:\\\/\\\/madison.com.ar\\\/wp-content\\\/uploads\\\/2021\\\/08\\\/screenshot.png\",\"width\":1200,\"height\":900,\"caption\":\"Madison\"},\"image\":{\"@id\":\"https:\\\/\\\/madison.com.ar\\\/#\\\/schema\\\/logo\\\/image\\\/\"},\"sameAs\":[\"https:\\\/\\\/www.facebook.com\\\/madisonmkt\\\/\",\"https:\\\/\\\/www.instagram.com\\\/madisonmkt\\\/\",\"https:\\\/\\\/ar.linkedin.com\\\/company\\\/madisonmkt\"]}]}<\/script>\n<!-- \/ Yoast SEO plugin. -->","yoast_head_json":{"title":"CV Madison - Madison - Marketing &amp; Publicidad","robots":{"index":"index","follow":"follow","max-snippet":"max-snippet:-1","max-image-preview":"max-image-preview:large","max-video-preview":"max-video-preview:-1"},"canonical":"https:\/\/madison.com.ar\/en\/wp-json\/wp\/v2\/pages\/2955","og_locale":"en_US","og_type":"article","og_title":"CV Madison - Madison - Marketing &amp; Publicidad","og_description":"\u00bfQuer\u00e9s unirte a nuestro equipo? Si sos dise\u00f1ador no olvides adjuntar tu portfolio junto a tu CV o un link a tus trabajos.","og_url":"https:\/\/madison.com.ar\/en\/cvmadison\/","og_site_name":"Madison - Marketing &amp; Publicidad","article_publisher":"https:\/\/www.facebook.com\/madisonmkt\/","article_modified_time":"2025-11-11T12:46:13+00:00","twitter_card":"summary_large_image","twitter_misc":{"Est. reading time":"1 minute"},"schema":{"@context":"https:\/\/schema.org","@graph":[{"@type":"WebPage","@id":"https:\/\/madison.com.ar\/cvmadison\/","url":"https:\/\/madison.com.ar\/cvmadison\/","name":"CV Madison - Madison - Marketing &amp; Publicidad","isPartOf":{"@id":"https:\/\/madison.com.ar\/#website"},"datePublished":"2022-09-21T14:44:24+00:00","dateModified":"2025-11-11T12:46:13+00:00","breadcrumb":{"@id":"https:\/\/madison.com.ar\/cvmadison\/#breadcrumb"},"inLanguage":"en-US","potentialAction":[{"@type":"ReadAction","target":["https:\/\/madison.com.ar\/cvmadison\/"]}]},{"@type":"BreadcrumbList","@id":"https:\/\/madison.com.ar\/cvmadison\/#breadcrumb","itemListElement":[{"@type":"ListItem","position":1,"name":"Inicio","item":"https:\/\/madison.com.ar\/"},{"@type":"ListItem","position":2,"name":"CV Madison"}]},{"@type":"WebSite","@id":"https:\/\/madison.com.ar\/#website","url":"https:\/\/madison.com.ar\/","name":"Madison - Marketing y Publicidad","description":"Brindamos soluciones integrales para empresas en comunicaci\u00f3n, marketing, publicidad, administraci\u00f3n de redes sociales, dise\u00f1o gr\u00e1fico y desarrollo web.","publisher":{"@id":"https:\/\/madison.com.ar\/#organization"},"potentialAction":[{"@type":"SearchAction","target":{"@type":"EntryPoint","urlTemplate":"https:\/\/madison.com.ar\/?s={search_term_string}"},"query-input":{"@type":"PropertyValueSpecification","valueRequired":true,"valueName":"search_term_string"}}],"inLanguage":"en-US"},{"@type":"Organization","@id":"https:\/\/madison.com.ar\/#organization","name":"Madison","url":"https:\/\/madison.com.ar\/","logo":{"@type":"ImageObject","inLanguage":"en-US","@id":"https:\/\/madison.com.ar\/#\/schema\/logo\/image\/","url":"https:\/\/madison.com.ar\/wp-content\/uploads\/2021\/08\/screenshot.png","contentUrl":"https:\/\/madison.com.ar\/wp-content\/uploads\/2021\/08\/screenshot.png","width":1200,"height":900,"caption":"Madison"},"image":{"@id":"https:\/\/madison.com.ar\/#\/schema\/logo\/image\/"},"sameAs":["https:\/\/www.facebook.com\/madisonmkt\/","https:\/\/www.instagram.com\/madisonmkt\/","https:\/\/ar.linkedin.com\/company\/madisonmkt"]}]}},"_links":{"self":[{"href":"https:\/\/madison.com.ar\/en\/wp-json\/wp\/v2\/pages\/2955","targetHints":{"allow":["GET"]}}],"collection":[{"href":"https:\/\/madison.com.ar\/en\/wp-json\/wp\/v2\/pages"}],"about":[{"href":"https:\/\/madison.com.ar\/en\/wp-json\/wp\/v2\/types\/page"}],"author":[{"embeddable":true,"href":"https:\/\/madison.com.ar\/en\/wp-json\/wp\/v2\/users\/1"}],"replies":[{"embeddable":true,"href":"https:\/\/madison.com.ar\/en\/wp-json\/wp\/v2\/comments?post=2955"}],"version-history":[{"count":55,"href":"https:\/\/madison.com.ar\/en\/wp-json\/wp\/v2\/pages\/2955\/revisions"}],"predecessor-version":[{"id":3858,"href":"https:\/\/madison.com.ar\/en\/wp-json\/wp\/v2\/pages\/2955\/revisions\/3858"}],"wp:attachment":[{"href":"https:\/\/madison.com.ar\/en\/wp-json\/wp\/v2\/media?parent=2955"}],"curies":[{"name":"wp","href":"https:\/\/api.w.org\/{rel}","templated":true}]}}